{"id":2097,"date":"2025-10-13T11:44:05","date_gmt":"2025-10-13T09:44:05","guid":{"rendered":"https:\/\/motigroup.cz\/?page_id=2097"},"modified":"2026-03-06T17:14:11","modified_gmt":"2026-03-06T16:14:11","slug":"zatepleni-fasad","status":"publish","type":"page","link":"https:\/\/motigroup.cz\/cs\/zatepleni-fasad\/","title":{"rendered":"Zateplen\u00ed fas\u00e1d"},"content":{"rendered":"<div data-elementor-type=\"wp-page\" data-elementor-id=\"2097\" class=\"elementor elementor-2097\">\n\t\t\t\t<div class=\"elementor-element elementor-element-9bd01c2 e-grid e-con-boxed e-con e-parent\" data-id=\"9bd01c2\" data-element_type=\"container\" data-e-type=\"container\" data-settings=\"{&quot;background_background&quot;:&quot;classic&quot;}\">\n\t\t\t\t\t<div class=\"e-con-inner\">\n\t\t<div class=\"elementor-element elementor-element-a2de6ca e-con-full e-flex e-con e-child\" data-id=\"a2de6ca\" data-element_type=\"container\" data-e-type=\"container\">\n\t\t\t\t<div class=\"elementor-element elementor-element-54f3eed elementor-widget elementor-widget-heading\" data-id=\"54f3eed\" data-element_type=\"widget\" data-e-type=\"widget\" data-widget_type=\"heading.default\">\n\t\t\t\t\t<h1 class=\"elementor-heading-title elementor-size-default\">Zateplen\u00ed fas\u00e1d<\/h1>\t\t\t\t<\/div>\n\t\t<div class=\"elementor-element elementor-element-1f8611d e-con-full e-flex e-con e-child\" data-id=\"1f8611d\" data-element_type=\"container\" data-e-type=\"container\">\n\t\t\t\t<div class=\"elementor-element elementor-element-d16f34b elementor-widget elementor-widget-button\" data-id=\"d16f34b\" data-element_type=\"widget\" data-e-type=\"widget\" data-widget_type=\"button.default\">\n\t\t\t\t\t\t\t\t\t\t<a class=\"elementor-button elementor-button-link elementor-size-sm\" href=\"https:\/\/motigroup.cz\/kontakty\/\">\n\t\t\t\t\t\t<span class=\"elementor-button-content-wrapper\">\n\t\t\t\t\t\t\t\t\t<span class=\"elementor-button-text\">\u041aontakty<\/span>\n\t\t\t\t\t<\/span>\n\t\t\t\t\t<\/a>\n\t\t\t\t\t\t\t\t<\/div>\n\t\t\t\t<\/div>\n\t\t\t\t<\/div>\n\t\t\t\t\t<\/div>\n\t\t\t\t<\/div>\n\t\t<div class=\"elementor-element elementor-element-17474b8 e-flex e-con-boxed e-con e-parent\" data-id=\"17474b8\" data-element_type=\"container\" data-e-type=\"container\">\n\t\t\t\t\t<div class=\"e-con-inner\">\n\t\t\t\t<div class=\"elementor-element elementor-element-a2af036 elementor-widget elementor-widget-heading\" data-id=\"a2af036\" data-element_type=\"widget\" data-e-type=\"widget\" data-widget_type=\"heading.default\">\n\t\t\t\t\t<h2 class=\"elementor-heading-title elementor-size-default\">Zateplen\u00ed fas\u00e1d | Energeticky \u00fasporn\u00e9 \u0159e\u0161en\u00ed pro v\u00e1\u0161 d\u016fm<\/h2>\t\t\t\t<\/div>\n\t\t\t\t<div class=\"elementor-element elementor-element-9c3ca85 elementor-widget elementor-widget-heading\" data-id=\"9c3ca85\" data-element_type=\"widget\" data-e-type=\"widget\" data-widget_type=\"heading.default\">\n\t\t\t\t\t<h4 class=\"elementor-heading-title elementor-size-default\">Profesion\u00e1ln\u00ed zateplen\u00ed fas\u00e1d. <br>Kontaktujte n\u00e1s pro nez\u00e1vaznou nab\u00eddku.<\/h4>\t\t\t\t<\/div>\n\t\t<div class=\"elementor-element elementor-element-95efd15 e-con-full e-flex e-con e-child\" data-id=\"95efd15\" data-element_type=\"container\" data-e-type=\"container\">\n\t\t<div class=\"elementor-element elementor-element-7e88eae e-con-full e-flex e-con e-child\" data-id=\"7e88eae\" data-element_type=\"container\" data-e-type=\"container\" data-settings=\"{&quot;background_background&quot;:&quot;classic&quot;}\">\n\t\t\t\t<div class=\"elementor-element elementor-element-d54c247 elementor-widget elementor-widget-heading\" data-id=\"d54c247\" data-element_type=\"widget\" data-e-type=\"widget\" data-widget_type=\"heading.default\">\n\t\t\t\t\t<h2 class=\"elementor-heading-title elementor-size-default\">Sn\u00ed\u017een\u00ed n\u00e1klad\u016f na energie<\/h2>\t\t\t\t<\/div>\n\t\t\t\t<div class=\"elementor-element elementor-element-fbedad1 elementor-view-default elementor-widget elementor-widget-icon\" data-id=\"fbedad1\" data-element_type=\"widget\" data-e-type=\"widget\" data-widget_type=\"icon.default\">\n\t\t\t\t\t\t\t<div class=\"elementor-icon-wrapper\">\n\t\t\t<div class=\"elementor-icon\">\n\t\t\t<svg aria-hidden=\"true\" class=\"e-font-icon-svg e-fas-bolt\" viewbox=\"0 0 320 512\" xmlns=\"http:\/\/www.w3.org\/2000\/svg\"><path d=\"M296 160H180.6l42.6-129.8C227.2 15 215.7 0 200 0H56C44 0 33.8 8.9 32.2 20.8l-32 240C-1.7 275.2 9.5 288 24 288h118.7L96.6 482.5c-3.6 15.2 8 29.5 23.3 29.5 8.4 0 16.4-4.4 20.8-12l176-304c9.3-15.9-2.2-36-20.7-36z\"><\/path><\/svg>\t\t\t<\/div>\n\t\t<\/div>\n\t\t\t\t\t\t<\/div>\n\t\t\t\t<\/div>\n\t\t<div class=\"elementor-element elementor-element-ffba3ef e-con-full e-flex e-con e-child\" data-id=\"ffba3ef\" data-element_type=\"container\" data-e-type=\"container\" data-settings=\"{&quot;background_background&quot;:&quot;classic&quot;}\">\n\t\t\t\t<div class=\"elementor-element elementor-element-237bf71 elementor-widget elementor-widget-heading\" data-id=\"237bf71\" data-element_type=\"widget\" data-e-type=\"widget\" data-widget_type=\"heading.default\">\n\t\t\t\t\t<h2 class=\"elementor-heading-title elementor-size-default\">Komfort bydlen\u00ed<\/h2>\t\t\t\t<\/div>\n\t\t\t\t<div class=\"elementor-element elementor-element-ff2b7e4 elementor-view-default elementor-widget elementor-widget-icon\" data-id=\"ff2b7e4\" data-element_type=\"widget\" data-e-type=\"widget\" data-widget_type=\"icon.default\">\n\t\t\t\t\t\t\t<div class=\"elementor-icon-wrapper\">\n\t\t\t<div class=\"elementor-icon\">\n\t\t\t<svg aria-hidden=\"true\" class=\"e-font-icon-svg e-far-smile\" viewbox=\"0 0 496 512\" xmlns=\"http:\/\/www.w3.org\/2000\/svg\"><path d=\"M248 8C111 8 0 119 0 256s111 248 248 248 248-111 248-248S385 8 248 8zm0 448c-110.3 0-200-89.7-200-200S137.7 56 248 56s200 89.7 200 200-89.7 200-200 200zm-80-216c17.7 0 32-14.3 32-32s-14.3-32-32-32-32 14.3-32 32 14.3 32 32 32zm160 0c17.7 0 32-14.3 32-32s-14.3-32-32-32-32 14.3-32 32 14.3 32 32 32zm4 72.6c-20.8 25-51.5 39.4-84 39.4s-63.2-14.3-84-39.4c-8.5-10.2-23.7-11.5-33.8-3.1-10.2 8.5-11.5 23.6-3.1 33.8 30 36 74.1 56.6 120.9 56.6s90.9-20.6 120.9-56.6c8.5-10.2 7.1-25.3-3.1-33.8-10.1-8.4-25.3-7.1-33.8 3.1z\"><\/path><\/svg>\t\t\t<\/div>\n\t\t<\/div>\n\t\t\t\t\t\t<\/div>\n\t\t\t\t<\/div>\n\t\t<div class=\"elementor-element elementor-element-bc61eec e-con-full e-flex e-con e-child\" data-id=\"bc61eec\" data-element_type=\"container\" data-e-type=\"container\" data-settings=\"{&quot;background_background&quot;:&quot;classic&quot;}\">\n\t\t\t\t<div class=\"elementor-element elementor-element-b4ca5fe elementor-widget elementor-widget-heading\" data-id=\"b4ca5fe\" data-element_type=\"widget\" data-e-type=\"widget\" data-widget_type=\"heading.default\">\n\t\t\t\t\t<h2 class=\"elementor-heading-title elementor-size-default\">Estetick\u00fd vzhled<\/h2>\t\t\t\t<\/div>\n\t\t\t\t<div class=\"elementor-element elementor-element-1fd60c2 elementor-view-default elementor-widget elementor-widget-icon\" data-id=\"1fd60c2\" data-element_type=\"widget\" data-e-type=\"widget\" data-widget_type=\"icon.default\">\n\t\t\t\t\t\t\t<div class=\"elementor-icon-wrapper\">\n\t\t\t<div class=\"elementor-icon\">\n\t\t\t<svg aria-hidden=\"true\" class=\"e-font-icon-svg e-fas-air-freshener\" viewbox=\"0 0 384 512\" xmlns=\"http:\/\/www.w3.org\/2000\/svg\"><path d=\"M378.94 321.41L284.7 224h49.22c15.3 0 23.66-16.6 13.86-27.53L234.45 69.96c3.43-6.61 5.55-14 5.55-21.96 0-26.51-21.49-48-48-48s-48 21.49-48 48c0 7.96 2.12 15.35 5.55 21.96L36.22 196.47C26.42 207.4 34.78 224 50.08 224H99.3L5.06 321.41C-6.69 333.56 3.34 352 21.7 352H160v32H48c-8.84 0-16 7.16-16 16v96c0 8.84 7.16 16 16 16h288c8.84 0 16-7.16 16-16v-96c0-8.84-7.16-16-16-16H224v-32h138.3c18.36 0 28.39-18.44 16.64-30.59zM192 31.98c8.85 0 16.02 7.17 16.02 16.02 0 8.84-7.17 16.02-16.02 16.02S175.98 56.84 175.98 48c0-8.85 7.17-16.02 16.02-16.02zM304 432v32H80v-32h224z\"><\/path><\/svg>\t\t\t<\/div>\n\t\t<\/div>\n\t\t\t\t\t\t<\/div>\n\t\t\t\t<\/div>\n\t\t\t\t<\/div>\n\t\t\t\t<div class=\"elementor-element elementor-element-81b7825 elementor-widget elementor-widget-heading\" data-id=\"81b7825\" data-element_type=\"widget\" data-e-type=\"widget\" data-widget_type=\"heading.default\">\n\t\t\t\t\t<h4 class=\"elementor-heading-title elementor-size-default\">Kompletn\u00ed zateplen\u00ed fas\u00e1d - investice, kter\u00e1 se vyplat\u00ed<\/h4>\t\t\t\t<\/div>\n\t\t\t\t<div class=\"elementor-element elementor-element-d894168 elementor-widget elementor-widget-heading\" data-id=\"d894168\" data-element_type=\"widget\" data-e-type=\"widget\" data-widget_type=\"heading.default\">\n\t\t\t\t\t<p class=\"elementor-heading-title elementor-size-default\">Zateplen\u00ed fas\u00e1d je jednou z nejefektivn\u011bj\u0161\u00edch metod, jak v\u00fdrazn\u011b sn\u00ed\u017eit tepeln\u00e9 ztr\u00e1ty budovy, <br>zv\u00fd\u0161it komfort bydlen\u00ed a z\u00e1rove\u0148 zlep\u0161it estetiku fas\u00e1dy. D\u00edky modern\u00edm izola\u010dn\u00edm syst\u00e9m\u016fm<br> dok\u00e1\u017eeme spojit funk\u010dnost, trvanlivost a vizu\u00e1ln\u00ed hodnotu.<\/p>\t\t\t\t<\/div>\n\t\t<div class=\"elementor-element elementor-element-1b24b68 e-con-full e-grid e-con e-child\" data-id=\"1b24b68\" data-element_type=\"container\" data-e-type=\"container\">\n\t\t\t\t<div class=\"elementor-element elementor-element-27183bc elementor-widget elementor-widget-image\" data-id=\"27183bc\" data-element_type=\"widget\" data-e-type=\"widget\" data-widget_type=\"image.default\">\n\t\t\t\t\t\t\t\t\t\t\t\t\t\t\t\t<a href=\"https:\/\/mlfnbbgj5pwg.i.optimole.com\/cb:4Q0E.c0b\/w:auto\/h:auto\/q:mauto\/ig:avif\/https:\/\/motigroup.cz\/wp-content\/uploads\/2025\/10\/IMG_8252.jpg\" data-elementor-open-lightbox=\"yes\" data-e-action-hash=\"#elementor-action%3Aaction%3Dlightbox%26settings%3DeyJpZCI6MjM4MCwidXJsIjoiaHR0cHM6XC9cL21vdGlncm91cC5jelwvd3AtY29udGVudFwvdXBsb2Fkc1wvMjAyNVwvMTBcL0lNR184MjUyLmpwZyJ9\">\n\t\t\t\t\t\t\t<img data-opt-id=935763250  fetchpriority=\"high\" decoding=\"async\" data-attachment-id=\"2380\" data-permalink=\"https:\/\/motigroup.cz\/cs\/zatepleni-fasad\/img_8252\/\" data-orig-file=\"https:\/\/mlfnbbgj5pwg.i.optimole.com\/cb:4Q0E.c0b\/w:auto\/h:auto\/q:mauto\/ig:avif\/https:\/\/motigroup.cz\/wp-content\/uploads\/2025\/10\/IMG_8252.jpg\" data-orig-size=\"1600,1201\" data-comments-opened=\"1\" data-image-meta=\"{&quot;aperture&quot;:&quot;0&quot;,&quot;credit&quot;:&quot;&quot;,&quot;camera&quot;:&quot;&quot;,&quot;caption&quot;:&quot;&quot;,&quot;created_timestamp&quot;:&quot;0&quot;,&quot;copyright&quot;:&quot;&quot;,&quot;focal_length&quot;:&quot;0&quot;,&quot;iso&quot;:&quot;0&quot;,&quot;shutter_speed&quot;:&quot;0&quot;,&quot;title&quot;:&quot;&quot;,&quot;orientation&quot;:&quot;0&quot;}\" data-image-title=\"IMG_8252\" data-image-description=\"\" data-image-caption=\"\" data-large-file=\"https:\/\/mlfnbbgj5pwg.i.optimole.com\/cb:4Q0E.c0b\/w:1024\/h:769\/q:mauto\/ig:avif\/https:\/\/motigroup.cz\/wp-content\/uploads\/2025\/10\/IMG_8252.jpg\" width=\"1600\" height=\"1201\" src=\"https:\/\/mlfnbbgj5pwg.i.optimole.com\/cb:4Q0E.c0b\/w:1438\/h:1080\/q:mauto\/ig:avif\/https:\/\/motigroup.cz\/wp-content\/uploads\/2025\/10\/IMG_8252.jpg\" class=\"attachment-full size-full wp-image-2380\" alt=\"\" srcset=\"https:\/\/mlfnbbgj5pwg.i.optimole.com\/cb:4Q0E.c0b\/w:1438\/h:1080\/q:mauto\/ig:avif\/https:\/\/motigroup.cz\/wp-content\/uploads\/2025\/10\/IMG_8252.jpg 1600w, https:\/\/mlfnbbgj5pwg.i.optimole.com\/cb:4Q0E.c0b\/w:300\/h:225\/q:mauto\/ig:avif\/https:\/\/motigroup.cz\/wp-content\/uploads\/2025\/10\/IMG_8252.jpg 300w, https:\/\/mlfnbbgj5pwg.i.optimole.com\/cb:4Q0E.c0b\/w:1024\/h:769\/q:mauto\/ig:avif\/https:\/\/motigroup.cz\/wp-content\/uploads\/2025\/10\/IMG_8252.jpg 1024w, https:\/\/mlfnbbgj5pwg.i.optimole.com\/cb:4Q0E.c0b\/w:768\/h:576\/q:mauto\/ig:avif\/https:\/\/motigroup.cz\/wp-content\/uploads\/2025\/10\/IMG_8252.jpg 768w, https:\/\/mlfnbbgj5pwg.i.optimole.com\/cb:4Q0E.c0b\/w:1438\/h:1080\/q:mauto\/ig:avif\/https:\/\/motigroup.cz\/wp-content\/uploads\/2025\/10\/IMG_8252.jpg 1536w, https:\/\/mlfnbbgj5pwg.i.optimole.com\/cb:4Q0E.c0b\/w:16\/h:12\/q:mauto\/ig:avif\/dpr:2\/https:\/\/motigroup.cz\/wp-content\/uploads\/2025\/10\/IMG_8252.jpg 16w, https:\/\/mlfnbbgj5pwg.i.optimole.com\/cb:4Q0E.c0b\/w:600\/h:450\/q:mauto\/ig:avif\/https:\/\/motigroup.cz\/wp-content\/uploads\/2025\/10\/IMG_8252.jpg 600w\" sizes=\"(max-width: 1200px) 100vw, 1200px\" \/>\t\t\t\t\t\t\t\t<\/a>\n\t\t\t\t\t\t\t\t\t\t\t\t\t\t\t<\/div>\n\t\t\t\t<div class=\"elementor-element elementor-element-0563f67 elementor-widget elementor-widget-image\" data-id=\"0563f67\" data-element_type=\"widget\" data-e-type=\"widget\" data-widget_type=\"image.default\">\n\t\t\t\t\t\t\t\t\t\t\t\t\t\t\t\t<a href=\"https:\/\/mlfnbbgj5pwg.i.optimole.com\/cb:4Q0E.c0b\/w:auto\/h:auto\/q:mauto\/ig:avif\/https:\/\/motigroup.cz\/wp-content\/uploads\/2025\/10\/uteplenie-fasada-vatoi-1.png\" data-elementor-open-lightbox=\"yes\" data-e-action-hash=\"#elementor-action%3Aaction%3Dlightbox%26settings%3DeyJpZCI6MjM4MiwidXJsIjoiaHR0cHM6XC9cL21vdGlncm91cC5jelwvd3AtY29udGVudFwvdXBsb2Fkc1wvMjAyNVwvMTBcL3V0ZXBsZW5pZS1mYXNhZGEtdmF0b2ktMS5wbmcifQ%3D%3D\">\n\t\t\t\t\t\t\t<img data-opt-id=1741734716  fetchpriority=\"high\" decoding=\"async\" data-attachment-id=\"2382\" data-permalink=\"https:\/\/motigroup.cz\/cs\/zatepleni-fasad\/uteplenie-fasada-vatoi-1-2\/\" data-orig-file=\"https:\/\/mlfnbbgj5pwg.i.optimole.com\/cb:4Q0E.c0b\/w:auto\/h:auto\/q:mauto\/ig:avif\/https:\/\/motigroup.cz\/wp-content\/uploads\/2025\/10\/uteplenie-fasada-vatoi-1.png\" data-orig-size=\"1600,1201\" data-comments-opened=\"1\" data-image-meta=\"{&quot;aperture&quot;:&quot;0&quot;,&quot;credit&quot;:&quot;&quot;,&quot;camera&quot;:&quot;&quot;,&quot;caption&quot;:&quot;&quot;,&quot;created_timestamp&quot;:&quot;0&quot;,&quot;copyright&quot;:&quot;&quot;,&quot;focal_length&quot;:&quot;0&quot;,&quot;iso&quot;:&quot;0&quot;,&quot;shutter_speed&quot;:&quot;0&quot;,&quot;title&quot;:&quot;&quot;,&quot;orientation&quot;:&quot;0&quot;}\" data-image-title=\"uteplenie-fasada-vatoi 1\" data-image-description=\"\" data-image-caption=\"\" data-large-file=\"https:\/\/mlfnbbgj5pwg.i.optimole.com\/cb:4Q0E.c0b\/w:1024\/h:769\/q:mauto\/ig:avif\/https:\/\/motigroup.cz\/wp-content\/uploads\/2025\/10\/uteplenie-fasada-vatoi-1.png\" width=\"1600\" height=\"1201\" src=\"https:\/\/mlfnbbgj5pwg.i.optimole.com\/cb:4Q0E.c0b\/w:1438\/h:1080\/q:mauto\/ig:avif\/https:\/\/motigroup.cz\/wp-content\/uploads\/2025\/10\/uteplenie-fasada-vatoi-1.png\" class=\"attachment-full size-full wp-image-2382\" alt=\"\" srcset=\"https:\/\/mlfnbbgj5pwg.i.optimole.com\/cb:4Q0E.c0b\/w:1438\/h:1080\/q:mauto\/ig:avif\/https:\/\/motigroup.cz\/wp-content\/uploads\/2025\/10\/uteplenie-fasada-vatoi-1.png 1600w, https:\/\/mlfnbbgj5pwg.i.optimole.com\/cb:4Q0E.c0b\/w:300\/h:225\/q:mauto\/ig:avif\/https:\/\/motigroup.cz\/wp-content\/uploads\/2025\/10\/uteplenie-fasada-vatoi-1.png 300w, https:\/\/mlfnbbgj5pwg.i.optimole.com\/cb:4Q0E.c0b\/w:1024\/h:769\/q:mauto\/ig:avif\/https:\/\/motigroup.cz\/wp-content\/uploads\/2025\/10\/uteplenie-fasada-vatoi-1.png 1024w, https:\/\/mlfnbbgj5pwg.i.optimole.com\/cb:4Q0E.c0b\/w:768\/h:576\/q:mauto\/ig:avif\/https:\/\/motigroup.cz\/wp-content\/uploads\/2025\/10\/uteplenie-fasada-vatoi-1.png 768w, https:\/\/mlfnbbgj5pwg.i.optimole.com\/cb:4Q0E.c0b\/w:1438\/h:1080\/q:mauto\/ig:avif\/https:\/\/motigroup.cz\/wp-content\/uploads\/2025\/10\/uteplenie-fasada-vatoi-1.png 1536w, https:\/\/mlfnbbgj5pwg.i.optimole.com\/cb:4Q0E.c0b\/w:16\/h:12\/q:mauto\/ig:avif\/dpr:2\/https:\/\/motigroup.cz\/wp-content\/uploads\/2025\/10\/uteplenie-fasada-vatoi-1.png 16w, https:\/\/mlfnbbgj5pwg.i.optimole.com\/cb:4Q0E.c0b\/w:600\/h:450\/q:mauto\/ig:avif\/https:\/\/motigroup.cz\/wp-content\/uploads\/2025\/10\/uteplenie-fasada-vatoi-1.png 600w\" sizes=\"(max-width: 1200px) 100vw, 1200px\" \/>\t\t\t\t\t\t\t\t<\/a>\n\t\t\t\t\t\t\t\t\t\t\t\t\t\t\t<\/div>\n\t\t\t\t<\/div>\n\t\t\t\t\t<\/div>\n\t\t\t\t<\/div>\n\t\t<div class=\"elementor-element elementor-element-098bb64 e-flex e-con-boxed e-con e-parent\" data-id=\"098bb64\" data-element_type=\"container\" data-e-type=\"container\">\n\t\t\t\t\t<div class=\"e-con-inner\">\n\t\t<div class=\"elementor-element elementor-element-de9c17a e-con-full e-flex e-con e-child\" data-id=\"de9c17a\" data-element_type=\"container\" data-e-type=\"container\" data-settings=\"{&quot;background_background&quot;:&quot;classic&quot;}\">\n\t\t\t\t<div class=\"elementor-element elementor-element-dbb7c01 elementor-widget elementor-widget-heading\" data-id=\"dbb7c01\" data-element_type=\"widget\" data-e-type=\"widget\" data-widget_type=\"heading.default\">\n\t\t\t\t\t<h3 class=\"elementor-heading-title elementor-size-default\">Na\u0161e p\u0159\u00edstup a technologie<\/h3>\t\t\t\t<\/div>\n\t\t\t\t<div class=\"elementor-element elementor-element-46e1ee8 elementor-widget elementor-widget-heading\" data-id=\"46e1ee8\" data-element_type=\"widget\" data-e-type=\"widget\" data-widget_type=\"heading.default\">\n\t\t\t\t\t<p class=\"elementor-heading-title elementor-size-default\">- V\u00fdb\u011br materi\u00e1l\u016f na m\u00edru: polystyren, miner\u00e1ln\u00ed vlna, kontaktn\u00ed syst\u00e9my<br>\n- Pe\u010dliv\u00e1 p\u0159\u00edprava podkladu v\u010detn\u011b opravy trhlin a nerovnost\u00ed<br>\n- N\u00e1sledn\u00e9 fas\u00e1dn\u00ed vrstvy: spojovac\u00ed, armovac\u00ed, \u0161tukov\u00e9 \u010di dekorativn\u00ed povrchy<br>\n- Pou\u017eit\u00ed kvalitn\u00edch lepidel, penetrac\u00ed a ochrann\u00fdch vrstev<\/p>\t\t\t\t<\/div>\n\t\t\t\t<\/div>\n\t\t<div class=\"elementor-element elementor-element-04c4a53 e-con-full e-flex e-con e-child\" data-id=\"04c4a53\" data-element_type=\"container\" data-e-type=\"container\" data-settings=\"{&quot;background_background&quot;:&quot;classic&quot;}\">\n\t\t\t\t<div class=\"elementor-element elementor-element-e401a94 elementor-widget elementor-widget-heading\" data-id=\"e401a94\" data-element_type=\"widget\" data-e-type=\"widget\" data-widget_type=\"heading.default\">\n\t\t\t\t\t<h3 class=\"elementor-heading-title elementor-size-default\">V\u00fdhody pro klienta<\/h3>\t\t\t\t<\/div>\n\t\t\t\t<div class=\"elementor-element elementor-element-822486c elementor-widget elementor-widget-heading\" data-id=\"822486c\" data-element_type=\"widget\" data-e-type=\"widget\" data-widget_type=\"heading.default\">\n\t\t\t\t\t<p class=\"elementor-heading-title elementor-size-default\">- V\u00fdznamn\u00e9 sn\u00ed\u017een\u00ed n\u00e1klad\u016f na vyt\u00e1p\u011bn\u00ed<br>\n- Lep\u0161\u00ed tepeln\u00e1 stabilita v l\u00e9t\u011b i v zim\u011b<br>\n- Zv\u00fd\u0161en\u00ed \u017eivotnosti konstrukce skrze ochranu p\u0159ed vlhkost\u00ed a mrazem<br>\n- Modern\u00ed vzhled a mo\u017enost barevn\u00fdch variant<br>- Zhodnocen\u00ed nemovitosti<\/p>\t\t\t\t<\/div>\n\t\t\t\t<\/div>\n\t\t<div class=\"elementor-element elementor-element-a3289b8 e-con-full e-flex e-con e-child\" data-id=\"a3289b8\" data-element_type=\"container\" data-e-type=\"container\" data-settings=\"{&quot;background_background&quot;:&quot;classic&quot;}\">\n\t\t\t\t<div class=\"elementor-element elementor-element-a3e1db0 elementor-widget elementor-widget-heading\" data-id=\"a3e1db0\" data-element_type=\"widget\" data-e-type=\"widget\" data-widget_type=\"heading.default\">\n\t\t\t\t\t<h3 class=\"elementor-heading-title elementor-size-default\">Postup realizace<\/h3>\t\t\t\t<\/div>\n\t\t\t\t<div class=\"elementor-element elementor-element-48e2da9 elementor-widget elementor-widget-heading\" data-id=\"48e2da9\" data-element_type=\"widget\" data-e-type=\"widget\" data-widget_type=\"heading.default\">\n\t\t\t\t\t<p class=\"elementor-heading-title elementor-size-default\">- Pr\u016fzkum a m\u011b\u0159en\u00ed objektu<br>\n- N\u00e1vrh detailn\u00edho \u0159e\u0161en\u00ed a harmonogramu<br>\n- P\u0159\u00edprava povrchu a aplikace izola\u010dn\u00ed vrstvy<br>\n- Kontrola a zaji\u0161t\u011bn\u00ed detail\u016f (parapety, rohy, okna)<br>- Fin\u00e1ln\u00ed \u00fapravy povrchu a \u010di\u0161t\u011bn\u00ed staveni\u0161t\u011b<\/p>\t\t\t\t<\/div>\n\t\t\t\t<\/div>\n\t\t\t\t\t<\/div>\n\t\t\t\t<\/div>\n\t\t<div class=\"elementor-element elementor-element-87a62c2 e-flex e-con-boxed e-con e-parent\" data-id=\"87a62c2\" data-element_type=\"container\" data-e-type=\"container\">\n\t\t\t\t\t<div class=\"e-con-inner\">\n\t\t\t\t<div class=\"elementor-element elementor-element-3973e8c elementor-widget elementor-widget-heading\" data-id=\"3973e8c\" data-element_type=\"widget\" data-e-type=\"widget\" data-widget_type=\"heading.default\">\n\t\t\t\t\t<h2 class=\"elementor-heading-title elementor-size-default\">Doporu\u010den\u00ed pro v\u00fdb\u011br syst\u00e9mu<\/h2>\t\t\t\t<\/div>\n\t\t<div class=\"elementor-element elementor-element-f0ced29 e-con-full e-grid e-con e-child\" data-id=\"f0ced29\" data-element_type=\"container\" data-e-type=\"container\">\n\t\t<div class=\"elementor-element elementor-element-efef284 e-con-full e-flex e-con e-child\" data-id=\"efef284\" data-element_type=\"container\" data-e-type=\"container\" data-settings=\"{&quot;background_background&quot;:&quot;classic&quot;}\">\n\t\t\t\t<div class=\"elementor-element elementor-element-a517b17 elementor-widget elementor-widget-heading\" data-id=\"a517b17\" data-element_type=\"widget\" data-e-type=\"widget\" data-widget_type=\"heading.default\">\n\t\t\t\t\t<h3 class=\"elementor-heading-title elementor-size-default\">Vhodn\u00fd syst\u00e9m z\u00e1vis\u00ed na typu st\u011bn, klimatick\u00fdch podm\u00ednk\u00e1ch a preferenc\u00edch z\u00e1kazn\u00edka.<\/h3>\t\t\t\t<\/div>\n\t\t\t\t<\/div>\n\t\t<div class=\"elementor-element elementor-element-aa49a3c e-con-full e-flex e-con e-child\" data-id=\"aa49a3c\" data-element_type=\"container\" data-e-type=\"container\" data-settings=\"{&quot;background_background&quot;:&quot;classic&quot;}\">\n\t\t\t\t<div class=\"elementor-element elementor-element-686cf6c elementor-widget elementor-widget-heading\" data-id=\"686cf6c\" data-element_type=\"widget\" data-e-type=\"widget\" data-widget_type=\"heading.default\">\n\t\t\t\t\t<h3 class=\"elementor-heading-title elementor-size-default\">P\u0159i konzultaci navrhneme ide\u00e1ln\u00ed variantu s ohledem na pom\u011br ceny a v\u00fdkonu.<\/h3>\t\t\t\t<\/div>\n\t\t\t\t<\/div>\n\t\t\t\t<\/div>\n\t\t\t\t\t<\/div>\n\t\t\t\t<\/div>\n\t\t<div class=\"elementor-element elementor-element-fb785a0 e-flex e-con-boxed e-con e-parent\" data-id=\"fb785a0\" data-element_type=\"container\" data-e-type=\"container\" data-settings=\"{&quot;background_background&quot;:&quot;classic&quot;}\">\n\t\t\t\t\t<div class=\"e-con-inner\">\n\t\t<div class=\"elementor-element elementor-element-e3a36d7 e-con-full e-flex e-con e-child\" data-id=\"e3a36d7\" data-element_type=\"container\" data-e-type=\"container\" data-settings=\"{&quot;background_background&quot;:&quot;classic&quot;}\">\n\t\t\t\t<div class=\"elementor-element elementor-element-a73d5d7 elementor-widget elementor-widget-heading\" data-id=\"a73d5d7\" data-element_type=\"widget\" data-e-type=\"widget\" data-widget_type=\"heading.default\">\n\t\t\t\t\t<h2 class=\"elementor-heading-title elementor-size-default\">Zateplen\u00ed fas\u00e1d <\/h2>\t\t\t\t<\/div>\n\t\t\t\t<div class=\"elementor-element elementor-element-c4584d0 elementor-widget elementor-widget-heading\" data-id=\"c4584d0\" data-element_type=\"widget\" data-e-type=\"widget\" data-widget_type=\"heading.default\">\n\t\t\t\t\t<h3 class=\"elementor-heading-title elementor-size-default\">Chcete sn\u00ed\u017eit n\u00e1klady na vyt\u00e1p\u011bn\u00ed a zlep\u0161it vzhled va\u0161eho domu?<br>\nNev\u00e1hejte n\u00e1s kontaktovat - p\u0159iprav\u00edme pro v\u00e1s nez\u00e1vaznou kalkulaci zateplen\u00ed fas\u00e1dy!<\/h3>\t\t\t\t<\/div>\n\t\t\t\t<div class=\"elementor-element elementor-element-6ef9ae1 elementor-align-center elementor-widget elementor-widget-button\" data-id=\"6ef9ae1\" data-element_type=\"widget\" data-e-type=\"widget\" data-widget_type=\"button.default\">\n\t\t\t\t\t\t\t\t\t\t<a class=\"elementor-button elementor-button-link elementor-size-sm\" href=\"https:\/\/motigroup.cz\/kontakty\/\">\n\t\t\t\t\t\t<span class=\"elementor-button-content-wrapper\">\n\t\t\t\t\t\t\t\t\t<span class=\"elementor-button-text\">KONTAKTUJTE N\u00c1S<\/span>\n\t\t\t\t\t<\/span>\n\t\t\t\t\t<\/a>\n\t\t\t\t\t\t\t\t<\/div>\n\t\t\t\t<\/div>\n\t\t\t\t\t<\/div>\n\t\t\t\t<\/div>\n\t\t\t\t<\/div>","protected":false},"excerpt":{"rendered":"<p>Zateplen\u00ed fas\u00e1d \u041aontakty Zateplen\u00ed fas\u00e1d | Energeticky \u00fasporn\u00e9 \u0159e\u0161en\u00ed pro v\u00e1\u0161 d\u016fm Profesion\u00e1ln\u00ed zateplen\u00ed fas\u00e1d. Kontaktujte n\u00e1s pro nez\u00e1vaznou nab\u00eddku. Sn\u00ed\u017een\u00ed n\u00e1klad\u016f na energie Komfort bydlen\u00ed Estetick\u00fd vzhled Kompletn\u00ed zateplen\u00ed fas\u00e1d &#8211; investice, kter\u00e1 se vyplat\u00ed Zateplen\u00ed fas\u00e1d je jednou z nejefektivn\u011bj\u0161\u00edch metod, jak v\u00fdrazn\u011b sn\u00ed\u017eit tepeln\u00e9 ztr\u00e1ty budovy, zv\u00fd\u0161it komfort bydlen\u00ed a z\u00e1rove\u0148 zlep\u0161it&hellip;&nbsp;<a href=\"https:\/\/motigroup.cz\/cs\/zatepleni-fasad\/\" rel=\"bookmark\"><span class=\"screen-reader-text\">Zateplen\u00ed fas\u00e1d<\/span><\/a><\/p>","protected":false},"author":271831651,"featured_media":0,"parent":0,"menu_order":0,"comment_status":"closed","ping_status":"closed","template":"elementor_header_footer","meta":{"_crdt_document":"","neve_meta_sidebar":"","neve_meta_container":"","neve_meta_enable_content_width":"","neve_meta_content_width":0,"neve_meta_title_alignment":"","neve_meta_author_avatar":"","neve_post_elements_order":"","neve_meta_disable_header":"","neve_meta_disable_footer":"","neve_meta_disable_title":"","advanced_seo_description":"","jetpack_seo_html_title":"","jetpack_seo_noindex":false,"_themeisle_gutenberg_block_has_review":false,"footnotes":""},"class_list":["post-2097","page","type-page","status-publish","hentry"],"jetpack_likes_enabled":true,"jetpack_sharing_enabled":true,"jetpack_shortlink":"https:\/\/wp.me\/PgPAsr-xP","jetpack-related-posts":[],"_links":{"self":[{"href":"https:\/\/motigroup.cz\/cs\/wp-json\/wp\/v2\/pages\/2097","targetHints":{"allow":["GET"]}}],"collection":[{"href":"https:\/\/motigroup.cz\/cs\/wp-json\/wp\/v2\/pages"}],"about":[{"href":"https:\/\/motigroup.cz\/cs\/wp-json\/wp\/v2\/types\/page"}],"author":[{"embeddable":true,"href":"https:\/\/motigroup.cz\/cs\/wp-json\/wp\/v2\/users\/271831651"}],"replies":[{"embeddable":true,"href":"https:\/\/motigroup.cz\/cs\/wp-json\/wp\/v2\/comments?post=2097"}],"version-history":[{"count":23,"href":"https:\/\/motigroup.cz\/cs\/wp-json\/wp\/v2\/pages\/2097\/revisions"}],"predecessor-version":[{"id":3044,"href":"https:\/\/motigroup.cz\/cs\/wp-json\/wp\/v2\/pages\/2097\/revisions\/3044"}],"wp:attachment":[{"href":"https:\/\/motigroup.cz\/cs\/wp-json\/wp\/v2\/media?parent=2097"}],"curies":[{"name":"wp","href":"https:\/\/api.w.org\/{rel}","templated":true}]}}