{"id":2105,"date":"2025-10-13T11:46:12","date_gmt":"2025-10-13T09:46:12","guid":{"rendered":"https:\/\/motigroup.cz\/?page_id=2105"},"modified":"2026-03-06T17:10:40","modified_gmt":"2026-03-06T16:10:40","slug":"sadrokartonarske-prace","status":"publish","type":"page","link":"https:\/\/motigroup.cz\/cs\/sadrokartonarske-prace\/","title":{"rendered":"S\u00e1drokarton\u00e1\u0159sk\u00e9 pr\u00e1ce"},"content":{"rendered":"<div data-elementor-type=\"wp-page\" data-elementor-id=\"2105\" class=\"elementor elementor-2105\">\n\t\t\t\t<div class=\"elementor-element elementor-element-d1d0ae4 e-grid e-con-boxed e-con e-parent\" data-id=\"d1d0ae4\" data-element_type=\"container\" data-e-type=\"container\" data-settings=\"{&quot;background_background&quot;:&quot;classic&quot;}\">\n\t\t\t\t\t<div class=\"e-con-inner\">\n\t\t<div class=\"elementor-element elementor-element-1eb521d e-con-full e-flex e-con e-child\" data-id=\"1eb521d\" data-element_type=\"container\" data-e-type=\"container\">\n\t\t\t\t<div class=\"elementor-element elementor-element-a66472d elementor-widget elementor-widget-heading\" data-id=\"a66472d\" data-element_type=\"widget\" data-e-type=\"widget\" data-widget_type=\"heading.default\">\n\t\t\t\t\t<h1 class=\"elementor-heading-title elementor-size-default\">S\u00e1drokarton\u00e1\u0159sk\u00e9 pr\u00e1ce \u2013<br> s\u00e1drokarton na m\u00edru<\/h1>\t\t\t\t<\/div>\n\t\t<div class=\"elementor-element elementor-element-5999b3c e-con-full e-flex e-con e-child\" data-id=\"5999b3c\" data-element_type=\"container\" data-e-type=\"container\">\n\t\t\t\t<div class=\"elementor-element elementor-element-d3e4861 elementor-widget elementor-widget-button\" data-id=\"d3e4861\" data-element_type=\"widget\" data-e-type=\"widget\" data-widget_type=\"button.default\">\n\t\t\t\t\t\t\t\t\t\t<a class=\"elementor-button elementor-button-link elementor-size-sm\" href=\"https:\/\/motigroup.cz\/kontakty\/\">\n\t\t\t\t\t\t<span class=\"elementor-button-content-wrapper\">\n\t\t\t\t\t\t\t\t\t<span class=\"elementor-button-text\">\u041aontakty<\/span>\n\t\t\t\t\t<\/span>\n\t\t\t\t\t<\/a>\n\t\t\t\t\t\t\t\t<\/div>\n\t\t\t\t<\/div>\n\t\t\t\t<\/div>\n\t\t\t\t\t<\/div>\n\t\t\t\t<\/div>\n\t\t<div class=\"elementor-element elementor-element-4fd7563 e-flex e-con-boxed e-con e-parent\" data-id=\"4fd7563\" data-element_type=\"container\" data-e-type=\"container\">\n\t\t\t\t\t<div class=\"e-con-inner\">\n\t\t\t\t<div class=\"elementor-element elementor-element-ddb64f6 elementor-widget elementor-widget-heading\" data-id=\"ddb64f6\" data-element_type=\"widget\" data-e-type=\"widget\" data-widget_type=\"heading.default\">\n\t\t\t\t\t<h2 class=\"elementor-heading-title elementor-size-default\">S\u00e1drokarton\u00e1\u0159sk\u00e9 pr\u00e1ce - p\u0159\u00ed\u010dky, podhledy, konstrukce<\/h2>\t\t\t\t<\/div>\n\t\t\t\t<div class=\"elementor-element elementor-element-492391e elementor-widget elementor-widget-heading\" data-id=\"492391e\" data-element_type=\"widget\" data-e-type=\"widget\" data-widget_type=\"heading.default\">\n\t\t\t\t\t<h4 class=\"elementor-heading-title elementor-size-default\">Mont\u00e1\u017e s\u00e1drokartonov\u00fdch p\u0159\u00ed\u010dek, <br>podhled\u016f a konstrukc\u00ed p\u0159esn\u011b podle va\u0161ich pot\u0159eb.<\/h4>\t\t\t\t<\/div>\n\t\t<div class=\"elementor-element elementor-element-14a76af e-con-full e-flex e-con e-child\" data-id=\"14a76af\" data-element_type=\"container\" data-e-type=\"container\">\n\t\t<div class=\"elementor-element elementor-element-80259d5 e-con-full e-flex e-con e-child\" data-id=\"80259d5\" data-element_type=\"container\" data-e-type=\"container\" data-settings=\"{&quot;background_background&quot;:&quot;classic&quot;}\">\n\t\t\t\t<div class=\"elementor-element elementor-element-6966284 elementor-widget elementor-widget-heading\" data-id=\"6966284\" data-element_type=\"widget\" data-e-type=\"widget\" data-widget_type=\"heading.default\">\n\t\t\t\t\t<h2 class=\"elementor-heading-title elementor-size-default\">Flexibilita<\/h2>\t\t\t\t<\/div>\n\t\t\t\t<div class=\"elementor-element elementor-element-f66a7ca elementor-view-default elementor-widget elementor-widget-icon\" data-id=\"f66a7ca\" data-element_type=\"widget\" data-e-type=\"widget\" data-widget_type=\"icon.default\">\n\t\t\t\t\t\t\t<div class=\"elementor-icon-wrapper\">\n\t\t\t<div class=\"elementor-icon\">\n\t\t\t<svg aria-hidden=\"true\" class=\"e-font-icon-svg e-fas-signature\" viewbox=\"0 0 640 512\" xmlns=\"http:\/\/www.w3.org\/2000\/svg\"><path d=\"M623.2 192c-51.8 3.5-125.7 54.7-163.1 71.5-29.1 13.1-54.2 24.4-76.1 24.4-22.6 0-26-16.2-21.3-51.9 1.1-8 11.7-79.2-42.7-76.1-25.1 1.5-64.3 24.8-169.5 126L192 182.2c30.4-75.9-53.2-151.5-129.7-102.8L7.4 116.3C0 121-2.2 130.9 2.5 138.4l17.2 27c4.7 7.5 14.6 9.7 22.1 4.9l58-38.9c18.4-11.7 40.7 7.2 32.7 27.1L34.3 404.1C27.5 421 37 448 64 448c8.3 0 16.5-3.2 22.6-9.4 42.2-42.2 154.7-150.7 211.2-195.8-2.2 28.5-2.1 58.9 20.6 83.8 15.3 16.8 37.3 25.3 65.5 25.3 35.6 0 68-14.6 102.3-30 33-14.8 99-62.6 138.4-65.8 8.5-.7 15.2-7.3 15.2-15.8v-32.1c.2-9.1-7.5-16.8-16.6-16.2z\"><\/path><\/svg>\t\t\t<\/div>\n\t\t<\/div>\n\t\t\t\t\t\t<\/div>\n\t\t\t\t<\/div>\n\t\t<div class=\"elementor-element elementor-element-4d1fa33 e-con-full e-flex e-con e-child\" data-id=\"4d1fa33\" data-element_type=\"container\" data-e-type=\"container\" data-settings=\"{&quot;background_background&quot;:&quot;classic&quot;}\">\n\t\t\t\t<div class=\"elementor-element elementor-element-93fa28c elementor-widget elementor-widget-heading\" data-id=\"93fa28c\" data-element_type=\"widget\" data-e-type=\"widget\" data-widget_type=\"heading.default\">\n\t\t\t\t\t<h2 class=\"elementor-heading-title elementor-size-default\">Rychlost<\/h2>\t\t\t\t<\/div>\n\t\t\t\t<div class=\"elementor-element elementor-element-8dcc8ad elementor-view-default elementor-widget elementor-widget-icon\" data-id=\"8dcc8ad\" data-element_type=\"widget\" data-e-type=\"widget\" data-widget_type=\"icon.default\">\n\t\t\t\t\t\t\t<div class=\"elementor-icon-wrapper\">\n\t\t\t<div class=\"elementor-icon\">\n\t\t\t<svg aria-hidden=\"true\" class=\"e-font-icon-svg e-fas-shipping-fast\" viewbox=\"0 0 640 512\" xmlns=\"http:\/\/www.w3.org\/2000\/svg\"><path d=\"M624 352h-16V243.9c0-12.7-5.1-24.9-14.1-33.9L494 110.1c-9-9-21.2-14.1-33.9-14.1H416V48c0-26.5-21.5-48-48-48H112C85.5 0 64 21.5 64 48v48H8c-4.4 0-8 3.6-8 8v16c0 4.4 3.6 8 8 8h272c4.4 0 8 3.6 8 8v16c0 4.4-3.6 8-8 8H40c-4.4 0-8 3.6-8 8v16c0 4.4 3.6 8 8 8h208c4.4 0 8 3.6 8 8v16c0 4.4-3.6 8-8 8H8c-4.4 0-8 3.6-8 8v16c0 4.4 3.6 8 8 8h208c4.4 0 8 3.6 8 8v16c0 4.4-3.6 8-8 8H64v128c0 53 43 96 96 96s96-43 96-96h128c0 53 43 96 96 96s96-43 96-96h48c8.8 0 16-7.2 16-16v-32c0-8.8-7.2-16-16-16zM160 464c-26.5 0-48-21.5-48-48s21.5-48 48-48 48 21.5 48 48-21.5 48-48 48zm320 0c-26.5 0-48-21.5-48-48s21.5-48 48-48 48 21.5 48 48-21.5 48-48 48zm80-208H416V144h44.1l99.9 99.9V256z\"><\/path><\/svg>\t\t\t<\/div>\n\t\t<\/div>\n\t\t\t\t\t\t<\/div>\n\t\t\t\t<\/div>\n\t\t<div class=\"elementor-element elementor-element-e97222b e-con-full e-flex e-con e-child\" data-id=\"e97222b\" data-element_type=\"container\" data-e-type=\"container\" data-settings=\"{&quot;background_background&quot;:&quot;classic&quot;}\">\n\t\t\t\t<div class=\"elementor-element elementor-element-919b00b elementor-widget elementor-widget-heading\" data-id=\"919b00b\" data-element_type=\"widget\" data-e-type=\"widget\" data-widget_type=\"heading.default\">\n\t\t\t\t\t<h2 class=\"elementor-heading-title elementor-size-default\">\u010cistota pr\u00e1ce<\/h2>\t\t\t\t<\/div>\n\t\t\t\t<div class=\"elementor-element elementor-element-df38618 elementor-view-default elementor-widget elementor-widget-icon\" data-id=\"df38618\" data-element_type=\"widget\" data-e-type=\"widget\" data-widget_type=\"icon.default\">\n\t\t\t\t\t\t\t<div class=\"elementor-icon-wrapper\">\n\t\t\t<div class=\"elementor-icon\">\n\t\t\t<svg aria-hidden=\"true\" class=\"e-font-icon-svg e-fas-sign-language\" viewbox=\"0 0 448 512\" xmlns=\"http:\/\/www.w3.org\/2000\/svg\"><path d=\"M91.434 483.987c-.307-16.018 13.109-29.129 29.13-29.129h62.293v-5.714H56.993c-16.021 0-29.437-13.111-29.13-29.129C28.16 404.491 40.835 392 56.428 392h126.429v-5.714H29.136c-16.021 0-29.437-13.111-29.13-29.129.297-15.522 12.973-28.013 28.566-28.013h154.286v-5.714H57.707c-16.021 0-29.437-13.111-29.13-29.129.297-15.522 12.973-28.013 28.566-28.013h168.566l-31.085-22.606c-12.762-9.281-15.583-27.149-6.302-39.912 9.281-12.761 27.15-15.582 39.912-6.302l123.361 89.715a34.287 34.287 0 0 1 14.12 27.728v141.136c0 15.91-10.946 29.73-26.433 33.374l-80.471 18.934a137.16 137.16 0 0 1-31.411 3.646H120c-15.593-.001-28.269-12.492-28.566-28.014zm73.249-225.701h36.423l-11.187-8.136c-18.579-13.511-20.313-40.887-3.17-56.536l-13.004-16.7c-9.843-12.641-28.43-15.171-40.88-5.088-12.065 9.771-14.133 27.447-4.553 39.75l36.371 46.71zm283.298-2.103l-5.003-152.452c-.518-15.771-13.722-28.136-29.493-27.619-15.773.518-28.137 13.722-27.619 29.493l1.262 38.415L283.565 11.019c-9.58-12.303-27.223-14.63-39.653-5.328-12.827 9.599-14.929 28.24-5.086 40.881l76.889 98.745-4.509 3.511-94.79-121.734c-9.58-12.303-27.223-14.63-39.653-5.328-12.827 9.599-14.929 28.24-5.086 40.881l94.443 121.288-4.509 3.511-77.675-99.754c-9.58-12.303-27.223-14.63-39.653-5.328-12.827 9.599-14.929 28.24-5.086 40.881l52.053 66.849c12.497-8.257 29.055-8.285 41.69.904l123.36 89.714c10.904 7.93 17.415 20.715 17.415 34.198v16.999l61.064-47.549a34.285 34.285 0 0 0 13.202-28.177z\"><\/path><\/svg>\t\t\t<\/div>\n\t\t<\/div>\n\t\t\t\t\t\t<\/div>\n\t\t\t\t<\/div>\n\t\t\t\t<\/div>\n\t\t\t\t<div class=\"elementor-element elementor-element-70810e8 elementor-widget elementor-widget-heading\" data-id=\"70810e8\" data-element_type=\"widget\" data-e-type=\"widget\" data-widget_type=\"heading.default\">\n\t\t\t\t\t<h4 class=\"elementor-heading-title elementor-size-default\">\n\nModern\u00ed s\u00e1drokarton\u00e1\u0159sk\u00e9 \u0159e\u0161en\u00ed pro interi\u00e9ry\n<\/h4>\t\t\t\t<\/div>\n\t\t\t\t<div class=\"elementor-element elementor-element-05f9288 elementor-widget elementor-widget-heading\" data-id=\"05f9288\" data-element_type=\"widget\" data-e-type=\"widget\" data-widget_type=\"heading.default\">\n\t\t\t\t\t<p class=\"elementor-heading-title elementor-size-default\">S\u00e1drokarton je ide\u00e1ln\u00ed materi\u00e1l pro rychl\u00e9 a flexibiln\u00ed p\u0159estavby vnit\u0159n\u00edch prostor. <br>Umo\u017e\u0148uje vytv\u00e1\u0159et p\u0159\u00ed\u010dky, podhledy, niky nebo designov\u00e9 prvky snadno a \u00fa\u010deln\u011b.<\/p>\t\t\t\t<\/div>\n\t\t<div class=\"elementor-element elementor-element-456c623 e-con-full e-grid e-con e-child\" data-id=\"456c623\" data-element_type=\"container\" data-e-type=\"container\">\n\t\t\t\t<div class=\"elementor-element elementor-element-77d52dc elementor-widget elementor-widget-image\" data-id=\"77d52dc\" data-element_type=\"widget\" data-e-type=\"widget\" data-widget_type=\"image.default\">\n\t\t\t\t\t\t\t\t\t\t\t\t\t\t\t\t<a href=\"https:\/\/mlfnbbgj5pwg.i.optimole.com\/cb:4Q0E.c0b\/w:auto\/h:auto\/q:mauto\/ig:avif\/https:\/\/motigroup.cz\/wp-content\/uploads\/2025\/10\/image-229.jpg\" data-elementor-open-lightbox=\"yes\" data-e-action-hash=\"#elementor-action%3Aaction%3Dlightbox%26settings%3DeyJpZCI6MjQxMCwidXJsIjoiaHR0cHM6XC9cL21vdGlncm91cC5jelwvd3AtY29udGVudFwvdXBsb2Fkc1wvMjAyNVwvMTBcL2ltYWdlLTIyOS5qcGcifQ%3D%3D\">\n\t\t\t\t\t\t\t<img data-opt-id=298293850  fetchpriority=\"high\" decoding=\"async\" data-attachment-id=\"2410\" data-permalink=\"https:\/\/motigroup.cz\/cs\/sadrokartonarske-prace\/image-229\/\" data-orig-file=\"https:\/\/mlfnbbgj5pwg.i.optimole.com\/cb:4Q0E.c0b\/w:auto\/h:auto\/q:mauto\/ig:avif\/https:\/\/motigroup.cz\/wp-content\/uploads\/2025\/10\/image-229.jpg\" data-orig-size=\"800,600\" data-comments-opened=\"1\" data-image-meta=\"{&quot;aperture&quot;:&quot;0&quot;,&quot;credit&quot;:&quot;&quot;,&quot;camera&quot;:&quot;&quot;,&quot;caption&quot;:&quot;&quot;,&quot;created_timestamp&quot;:&quot;0&quot;,&quot;copyright&quot;:&quot;&quot;,&quot;focal_length&quot;:&quot;0&quot;,&quot;iso&quot;:&quot;0&quot;,&quot;shutter_speed&quot;:&quot;0&quot;,&quot;title&quot;:&quot;&quot;,&quot;orientation&quot;:&quot;0&quot;}\" data-image-title=\"image 229\" data-image-description=\"\" data-image-caption=\"\" data-large-file=\"https:\/\/mlfnbbgj5pwg.i.optimole.com\/cb:4Q0E.c0b\/w:auto\/h:auto\/q:mauto\/ig:avif\/https:\/\/motigroup.cz\/wp-content\/uploads\/2025\/10\/image-229.jpg\" width=\"800\" height=\"600\" src=\"https:\/\/mlfnbbgj5pwg.i.optimole.com\/cb:4Q0E.c0b\/w:800\/h:600\/q:mauto\/ig:avif\/https:\/\/motigroup.cz\/wp-content\/uploads\/2025\/10\/image-229.jpg\" class=\"attachment-full size-full wp-image-2410\" alt=\"\" srcset=\"https:\/\/mlfnbbgj5pwg.i.optimole.com\/cb:4Q0E.c0b\/w:800\/h:600\/q:mauto\/rt:fill\/g:ce\/ig:avif\/https:\/\/motigroup.cz\/wp-content\/uploads\/2025\/10\/image-229.jpg 800w, https:\/\/mlfnbbgj5pwg.i.optimole.com\/cb:4Q0E.c0b\/w:300\/h:225\/q:mauto\/rt:fill\/g:ce\/ig:avif\/https:\/\/motigroup.cz\/wp-content\/uploads\/2025\/10\/image-229.jpg 300w, https:\/\/mlfnbbgj5pwg.i.optimole.com\/cb:4Q0E.c0b\/w:768\/h:576\/q:mauto\/rt:fill\/g:ce\/ig:avif\/https:\/\/motigroup.cz\/wp-content\/uploads\/2025\/10\/image-229.jpg 768w, https:\/\/mlfnbbgj5pwg.i.optimole.com\/cb:4Q0E.c0b\/w:16\/h:12\/q:mauto\/rt:fill\/g:ce\/ig:avif\/dpr:2\/https:\/\/motigroup.cz\/wp-content\/uploads\/2025\/10\/image-229.jpg 16w, https:\/\/mlfnbbgj5pwg.i.optimole.com\/cb:4Q0E.c0b\/w:600\/h:450\/q:mauto\/rt:fill\/g:ce\/ig:avif\/https:\/\/motigroup.cz\/wp-content\/uploads\/2025\/10\/image-229.jpg 600w\" sizes=\"(max-width: 800px) 100vw, 800px\" \/>\t\t\t\t\t\t\t\t<\/a>\n\t\t\t\t\t\t\t\t\t\t\t\t\t\t\t<\/div>\n\t\t\t\t<div class=\"elementor-element elementor-element-d0e9bba elementor-widget elementor-widget-image\" data-id=\"d0e9bba\" data-element_type=\"widget\" data-e-type=\"widget\" data-widget_type=\"image.default\">\n\t\t\t\t\t\t\t\t\t\t\t\t\t\t\t\t<a href=\"https:\/\/mlfnbbgj5pwg.i.optimole.com\/cb:4Q0E.c0b\/w:auto\/h:auto\/q:mauto\/ig:avif\/https:\/\/motigroup.cz\/wp-content\/uploads\/2025\/10\/mg6p1-1.jpg\" data-elementor-open-lightbox=\"yes\" data-e-action-hash=\"#elementor-action%3Aaction%3Dlightbox%26settings%3DeyJpZCI6MjE3NSwidXJsIjoiaHR0cHM6XC9cL21vdGlncm91cC5jelwvd3AtY29udGVudFwvdXBsb2Fkc1wvMjAyNVwvMTBcL21nNnAxLTEuanBnIn0%3D\">\n\t\t\t\t\t\t\t<img data-opt-id=40782055  fetchpriority=\"high\" decoding=\"async\" data-attachment-id=\"2175\" data-permalink=\"https:\/\/motigroup.cz\/cs\/sadrokartonarske-prace\/mg6p1-1\/\" data-orig-file=\"https:\/\/mlfnbbgj5pwg.i.optimole.com\/cb:4Q0E.c0b\/w:auto\/h:auto\/q:mauto\/ig:avif\/https:\/\/motigroup.cz\/wp-content\/uploads\/2025\/10\/mg6p1-1.jpg\" data-orig-size=\"926,695\" data-comments-opened=\"1\" data-image-meta=\"{&quot;aperture&quot;:&quot;0&quot;,&quot;credit&quot;:&quot;&quot;,&quot;camera&quot;:&quot;&quot;,&quot;caption&quot;:&quot;&quot;,&quot;created_timestamp&quot;:&quot;0&quot;,&quot;copyright&quot;:&quot;&quot;,&quot;focal_length&quot;:&quot;0&quot;,&quot;iso&quot;:&quot;0&quot;,&quot;shutter_speed&quot;:&quot;0&quot;,&quot;title&quot;:&quot;&quot;,&quot;orientation&quot;:&quot;0&quot;}\" data-image-title=\"mg6p(1) (1)\" data-image-description=\"\" data-image-caption=\"\" data-large-file=\"https:\/\/mlfnbbgj5pwg.i.optimole.com\/cb:4Q0E.c0b\/w:auto\/h:auto\/q:mauto\/ig:avif\/https:\/\/motigroup.cz\/wp-content\/uploads\/2025\/10\/mg6p1-1.jpg\" width=\"926\" height=\"695\" src=\"https:\/\/mlfnbbgj5pwg.i.optimole.com\/cb:4Q0E.c0b\/w:926\/h:695\/q:mauto\/ig:avif\/https:\/\/motigroup.cz\/wp-content\/uploads\/2025\/10\/mg6p1-1.jpg\" class=\"attachment-full size-full wp-image-2175\" alt=\"\" srcset=\"https:\/\/mlfnbbgj5pwg.i.optimole.com\/cb:4Q0E.c0b\/w:926\/h:695\/q:mauto\/ig:avif\/https:\/\/motigroup.cz\/wp-content\/uploads\/2025\/10\/mg6p1-1.jpg 926w, https:\/\/mlfnbbgj5pwg.i.optimole.com\/cb:4Q0E.c0b\/w:300\/h:225\/q:mauto\/ig:avif\/https:\/\/motigroup.cz\/wp-content\/uploads\/2025\/10\/mg6p1-1.jpg 300w, https:\/\/mlfnbbgj5pwg.i.optimole.com\/cb:4Q0E.c0b\/w:768\/h:576\/q:mauto\/ig:avif\/https:\/\/motigroup.cz\/wp-content\/uploads\/2025\/10\/mg6p1-1.jpg 768w, https:\/\/mlfnbbgj5pwg.i.optimole.com\/cb:4Q0E.c0b\/w:600\/h:450\/q:mauto\/ig:avif\/https:\/\/motigroup.cz\/wp-content\/uploads\/2025\/10\/mg6p1-1.jpg 600w\" sizes=\"(max-width: 926px) 100vw, 926px\" \/>\t\t\t\t\t\t\t\t<\/a>\n\t\t\t\t\t\t\t\t\t\t\t\t\t\t\t<\/div>\n\t\t\t\t<\/div>\n\t\t\t\t\t<\/div>\n\t\t\t\t<\/div>\n\t\t<div class=\"elementor-element elementor-element-74587ce e-flex e-con-boxed e-con e-parent\" data-id=\"74587ce\" data-element_type=\"container\" data-e-type=\"container\">\n\t\t\t\t\t<div class=\"e-con-inner\">\n\t\t<div class=\"elementor-element elementor-element-3d1ec05 e-con-full e-flex e-con e-child\" data-id=\"3d1ec05\" data-element_type=\"container\" data-e-type=\"container\" data-settings=\"{&quot;background_background&quot;:&quot;classic&quot;}\">\n\t\t\t\t<div class=\"elementor-element elementor-element-ba075de elementor-widget elementor-widget-heading\" data-id=\"ba075de\" data-element_type=\"widget\" data-e-type=\"widget\" data-widget_type=\"heading.default\">\n\t\t\t\t\t<h3 class=\"elementor-heading-title elementor-size-default\">Typy konstrukc\u00ed, kter\u00e9 prov\u00e1d\u00edme<\/h3>\t\t\t\t<\/div>\n\t\t\t\t<div class=\"elementor-element elementor-element-987c143 elementor-widget elementor-widget-heading\" data-id=\"987c143\" data-element_type=\"widget\" data-e-type=\"widget\" data-widget_type=\"heading.default\">\n\t\t\t\t\t<p class=\"elementor-heading-title elementor-size-default\">- P\u0159\u00ed\u010dky (nebo nosn\u00e9 p\u0159\u00ed\u010dky)<br>\n- Podhledy (jednoduch\u00e9, dvou\u00farov\u0148ov\u00e9, akustick\u00e9)<br>\n- Podkrovn\u00ed konstrukce<br>\n- Poli\u010dky, v\u00fdklenky, obklady roh\u016f<\/p>\t\t\t\t<\/div>\n\t\t\t\t<\/div>\n\t\t<div class=\"elementor-element elementor-element-93a6e56 e-con-full e-flex e-con e-child\" data-id=\"93a6e56\" data-element_type=\"container\" data-e-type=\"container\" data-settings=\"{&quot;background_background&quot;:&quot;classic&quot;}\">\n\t\t\t\t<div class=\"elementor-element elementor-element-4adb3a8 elementor-widget elementor-widget-heading\" data-id=\"4adb3a8\" data-element_type=\"widget\" data-e-type=\"widget\" data-widget_type=\"heading.default\">\n\t\t\t\t\t<h3 class=\"elementor-heading-title elementor-size-default\">V\u00fdhody na\u0161ich konstrukc\u00ed\n<\/h3>\t\t\t\t<\/div>\n\t\t\t\t<div class=\"elementor-element elementor-element-b617f4d elementor-widget elementor-widget-heading\" data-id=\"b617f4d\" data-element_type=\"widget\" data-e-type=\"widget\" data-widget_type=\"heading.default\">\n\t\t\t\t\t<p class=\"elementor-heading-title elementor-size-default\">- Rychl\u00e1 mont\u00e1\u017e s minimem nepo\u0159\u00e1dku<br>\n- Mo\u017enost zapracov\u00e1n\u00ed izolace (akustika, teplo)<br>\n- Estetick\u00e9 proveden\u00ed \u2013 rovn\u00e9 sp\u00e1ry, hladk\u00e9 povrchy<br>\n- Snadn\u00e1 \u00faprava nebo p\u0159estavba v budoucnosti<\/p>\t\t\t\t<\/div>\n\t\t\t\t<\/div>\n\t\t\t\t\t<\/div>\n\t\t\t\t<\/div>\n\t\t<div class=\"elementor-element elementor-element-fbf9c3a e-flex e-con-boxed e-con e-parent\" data-id=\"fbf9c3a\" data-element_type=\"container\" data-e-type=\"container\">\n\t\t\t\t\t<div class=\"e-con-inner\">\n\t\t\t\t<div class=\"elementor-element elementor-element-baf491b elementor-widget elementor-widget-heading\" data-id=\"baf491b\" data-element_type=\"widget\" data-e-type=\"widget\" data-widget_type=\"heading.default\">\n\t\t\t\t\t<h2 class=\"elementor-heading-title elementor-size-default\">Pracovn\u00ed postup<\/h2>\t\t\t\t<\/div>\n\t\t<div class=\"elementor-element elementor-element-fa074f7 e-con-full e-grid e-con e-child\" data-id=\"fa074f7\" data-element_type=\"container\" data-e-type=\"container\">\n\t\t<div class=\"elementor-element elementor-element-f2e86b6 e-con-full e-flex e-con e-child\" data-id=\"f2e86b6\" data-element_type=\"container\" data-e-type=\"container\" data-settings=\"{&quot;background_background&quot;:&quot;classic&quot;}\">\n\t\t\t\t<div class=\"elementor-element elementor-element-a245135 elementor-widget elementor-widget-heading\" data-id=\"a245135\" data-element_type=\"widget\" data-e-type=\"widget\" data-widget_type=\"heading.default\">\n\t\t\t\t\t<h3 class=\"elementor-heading-title elementor-size-default\">Zam\u011b\u0159en\u00ed a konstruk\u010dn\u00ed n\u00e1vrh<\/h3>\t\t\t\t<\/div>\n\t\t\t\t<\/div>\n\t\t<div class=\"elementor-element elementor-element-dd94071 e-con-full e-flex e-con e-child\" data-id=\"dd94071\" data-element_type=\"container\" data-e-type=\"container\" data-settings=\"{&quot;background_background&quot;:&quot;classic&quot;}\">\n\t\t\t\t<div class=\"elementor-element elementor-element-f067eb1 elementor-widget elementor-widget-heading\" data-id=\"f067eb1\" data-element_type=\"widget\" data-e-type=\"widget\" data-widget_type=\"heading.default\">\n\t\t\t\t\t<h3 class=\"elementor-heading-title elementor-size-default\">Mont\u00e1\u017e r\u00e1mov\u00e9 konstrukce<\/h3>\t\t\t\t<\/div>\n\t\t\t\t<\/div>\n\t\t<div class=\"elementor-element elementor-element-0e47e04 e-con-full e-flex e-con e-child\" data-id=\"0e47e04\" data-element_type=\"container\" data-e-type=\"container\" data-settings=\"{&quot;background_background&quot;:&quot;classic&quot;}\">\n\t\t\t\t<div class=\"elementor-element elementor-element-ae58c0a elementor-widget elementor-widget-heading\" data-id=\"ae58c0a\" data-element_type=\"widget\" data-e-type=\"widget\" data-widget_type=\"heading.default\">\n\t\t\t\t\t<h3 class=\"elementor-heading-title elementor-size-default\">Ukotven\u00ed desek a spojov\u00e1n\u00ed<\/h3>\t\t\t\t<\/div>\n\t\t\t\t<\/div>\n\t\t<div class=\"elementor-element elementor-element-8b4c365 e-con-full e-flex e-con e-child\" data-id=\"8b4c365\" data-element_type=\"container\" data-e-type=\"container\" data-settings=\"{&quot;background_background&quot;:&quot;classic&quot;}\">\n\t\t\t\t<div class=\"elementor-element elementor-element-8efa475 elementor-widget elementor-widget-heading\" data-id=\"8efa475\" data-element_type=\"widget\" data-e-type=\"widget\" data-widget_type=\"heading.default\">\n\t\t\t\t\t<h3 class=\"elementor-heading-title elementor-size-default\">Tmelen\u00ed, v\u00fdztu\u017en\u00e9 p\u00e1sky, brou\u0161en\u00ed<\/h3>\t\t\t\t<\/div>\n\t\t\t\t<\/div>\n\t\t<div class=\"elementor-element elementor-element-7dbc20f e-con-full e-flex e-con e-child\" data-id=\"7dbc20f\" data-element_type=\"container\" data-e-type=\"container\" data-settings=\"{&quot;background_background&quot;:&quot;classic&quot;}\">\n\t\t\t\t<div class=\"elementor-element elementor-element-84ceece elementor-widget elementor-widget-heading\" data-id=\"84ceece\" data-element_type=\"widget\" data-e-type=\"widget\" data-widget_type=\"heading.default\">\n\t\t\t\t\t<h3 class=\"elementor-heading-title elementor-size-default\">P\u0159\u00edprava povrch\u016f na malbu nebo obklad<\/h3>\t\t\t\t<\/div>\n\t\t\t\t<\/div>\n\t\t\t\t<\/div>\n\t\t\t\t\t<\/div>\n\t\t\t\t<\/div>\n\t\t<div class=\"elementor-element elementor-element-96a2e8e e-flex e-con-boxed e-con e-parent\" data-id=\"96a2e8e\" data-element_type=\"container\" data-e-type=\"container\" data-settings=\"{&quot;background_background&quot;:&quot;classic&quot;}\">\n\t\t\t\t\t<div class=\"e-con-inner\">\n\t\t<div class=\"elementor-element elementor-element-80b0452 e-con-full e-flex e-con e-child\" data-id=\"80b0452\" data-element_type=\"container\" data-e-type=\"container\" data-settings=\"{&quot;background_background&quot;:&quot;classic&quot;}\">\n\t\t\t\t<div class=\"elementor-element elementor-element-cff58f6 elementor-widget elementor-widget-heading\" data-id=\"cff58f6\" data-element_type=\"widget\" data-e-type=\"widget\" data-widget_type=\"heading.default\">\n\t\t\t\t\t<h2 class=\"elementor-heading-title elementor-size-default\">S\u00e1drokarton\u00e1\u0159sk\u00e9 pr\u00e1ce <\/h2>\t\t\t\t<\/div>\n\t\t\t\t<div class=\"elementor-element elementor-element-7df2a86 elementor-widget elementor-widget-heading\" data-id=\"7df2a86\" data-element_type=\"widget\" data-e-type=\"widget\" data-widget_type=\"heading.default\">\n\t\t\t\t\t<h3 class=\"elementor-heading-title elementor-size-default\">Pl\u00e1nujete modern\u00ed interi\u00e9r s \u010dist\u00fdmi liniemi a dokonal\u00fdm povrchem?<br>\nZavolejte n\u00e1m - prom\u011bn\u00edme v\u00e1\u0161 prostor pomoc\u00ed s\u00e1drokartonu!<\/h3>\t\t\t\t<\/div>\n\t\t\t\t<div class=\"elementor-element elementor-element-a61e1c2 elementor-align-center elementor-widget elementor-widget-button\" data-id=\"a61e1c2\" data-element_type=\"widget\" data-e-type=\"widget\" data-widget_type=\"button.default\">\n\t\t\t\t\t\t\t\t\t\t<a class=\"elementor-button elementor-button-link elementor-size-sm\" href=\"https:\/\/motigroup.cz\/kontakty\/\">\n\t\t\t\t\t\t<span class=\"elementor-button-content-wrapper\">\n\t\t\t\t\t\t\t\t\t<span class=\"elementor-button-text\">KONTAKTUJTE N\u00c1S<\/span>\n\t\t\t\t\t<\/span>\n\t\t\t\t\t<\/a>\n\t\t\t\t\t\t\t\t<\/div>\n\t\t\t\t<\/div>\n\t\t\t\t\t<\/div>\n\t\t\t\t<\/div>\n\t\t\t\t<\/div>","protected":false},"excerpt":{"rendered":"<p>S\u00e1drokarton\u00e1\u0159sk\u00e9 pr\u00e1ce \u2013 s\u00e1drokarton na m\u00edru \u041aontakty S\u00e1drokarton\u00e1\u0159sk\u00e9 pr\u00e1ce &#8211; p\u0159\u00ed\u010dky, podhledy, konstrukce Mont\u00e1\u017e s\u00e1drokartonov\u00fdch p\u0159\u00ed\u010dek, podhled\u016f a konstrukc\u00ed p\u0159esn\u011b podle va\u0161ich pot\u0159eb. Flexibilita Rychlost \u010cistota pr\u00e1ce Modern\u00ed s\u00e1drokarton\u00e1\u0159sk\u00e9 \u0159e\u0161en\u00ed pro interi\u00e9ry S\u00e1drokarton je ide\u00e1ln\u00ed materi\u00e1l pro rychl\u00e9 a flexibiln\u00ed p\u0159estavby vnit\u0159n\u00edch prostor. Umo\u017e\u0148uje vytv\u00e1\u0159et p\u0159\u00ed\u010dky, podhledy, niky nebo designov\u00e9 prvky snadno a \u00fa\u010deln\u011b. Typy&hellip;&nbsp;<a href=\"https:\/\/motigroup.cz\/cs\/sadrokartonarske-prace\/\" rel=\"bookmark\"><span class=\"screen-reader-text\">S\u00e1drokarton\u00e1\u0159sk\u00e9 pr\u00e1ce<\/span><\/a><\/p>","protected":false},"author":271831651,"featured_media":0,"parent":0,"menu_order":0,"comment_status":"closed","ping_status":"closed","template":"elementor_header_footer","meta":{"_crdt_document":"","neve_meta_sidebar":"","neve_meta_container":"","neve_meta_enable_content_width":"","neve_meta_content_width":0,"neve_meta_title_alignment":"","neve_meta_author_avatar":"","neve_post_elements_order":"","neve_meta_disable_header":"","neve_meta_disable_footer":"","neve_meta_disable_title":"","advanced_seo_description":"","jetpack_seo_html_title":"","jetpack_seo_noindex":false,"_themeisle_gutenberg_block_has_review":false,"footnotes":""},"class_list":["post-2105","page","type-page","status-publish","hentry"],"jetpack_likes_enabled":true,"jetpack_sharing_enabled":true,"jetpack_shortlink":"https:\/\/wp.me\/PgPAsr-xX","jetpack-related-posts":[],"_links":{"self":[{"href":"https:\/\/motigroup.cz\/cs\/wp-json\/wp\/v2\/pages\/2105","targetHints":{"allow":["GET"]}}],"collection":[{"href":"https:\/\/motigroup.cz\/cs\/wp-json\/wp\/v2\/pages"}],"about":[{"href":"https:\/\/motigroup.cz\/cs\/wp-json\/wp\/v2\/types\/page"}],"author":[{"embeddable":true,"href":"https:\/\/motigroup.cz\/cs\/wp-json\/wp\/v2\/users\/271831651"}],"replies":[{"embeddable":true,"href":"https:\/\/motigroup.cz\/cs\/wp-json\/wp\/v2\/comments?post=2105"}],"version-history":[{"count":52,"href":"https:\/\/motigroup.cz\/cs\/wp-json\/wp\/v2\/pages\/2105\/revisions"}],"predecessor-version":[{"id":3032,"href":"https:\/\/motigroup.cz\/cs\/wp-json\/wp\/v2\/pages\/2105\/revisions\/3032"}],"wp:attachment":[{"href":"https:\/\/motigroup.cz\/cs\/wp-json\/wp\/v2\/media?parent=2105"}],"curies":[{"name":"wp","href":"https:\/\/api.w.org\/{rel}","templated":true}]}}